{"id":158,"date":"2023-02-17T10:57:16","date_gmt":"2023-02-17T13:57:16","guid":{"rendered":"https:\/\/clube.resenha.digital\/?page_id=158"},"modified":"2023-03-07T11:39:06","modified_gmt":"2023-03-07T14:39:06","slug":"briefing","status":"publish","type":"page","link":"https:\/\/clube.resenha.digital\/index.php\/briefing\/","title":{"rendered":"Briefing"},"content":{"rendered":"\t\t<div data-elementor-type=\"wp-page\" data-elementor-id=\"158\" class=\"elementor elementor-158\" data-elementor-settings=\"[]\">\n\t\t\t\t\t\t\t<div class=\"elementor-section-wrap\">\n\t\t\t\t\t\t\t<section data-particle_enable=\"false\" data-particle-mobile-disabled=\"false\" class=\"elementor-section elementor-top-section elementor-element elementor-element-d37958d elementor-section-full_width elementor-section-height-default elementor-section-height-default\" data-id=\"d37958d\" data-element_type=\"section\" id=\"topofixo\" data-settings=\"{&quot;background_background&quot;:&quot;classic&quot;}\">\n\t\t\t\t\t\t<div class=\"elementor-container elementor-column-gap-default\">\n\t\t\t\t\t<div class=\"elementor-column elementor-col-50 elementor-top-column elementor-element elementor-element-02e479c\" data-id=\"02e479c\" data-element_type=\"column\">\n\t\t\t<div class=\"elementor-widget-wrap elementor-element-populated\">\n\t\t\t\t\t\t\t\t<div class=\"elementor-element elementor-element-cd62a63 elementor-widget elementor-widget-image\" data-id=\"cd62a63\" data-element_type=\"widget\" data-widget_type=\"image.default\">\n\t\t\t\t<div class=\"elementor-widget-container\">\n\t\t\t\t\t\t\t\t\t\t\t\t\t\t\t\t<a href=\"\/index.php\/\">\n\t\t\t\t\t\t\t<img decoding=\"async\" width=\"229\" height=\"122\" src=\"https:\/\/clube.resenha.digital\/wp-content\/uploads\/2023\/02\/Grupo-32-1.jpg\" class=\"attachment-full size-full\" alt=\"\" loading=\"lazy\" \/>\t\t\t\t\t\t\t\t<\/a>\n\t\t\t\t\t\t\t\t\t\t\t\t\t\t\t<\/div>\n\t\t\t\t<\/div>\n\t\t\t\t\t<\/div>\n\t\t<\/div>\n\t\t\t\t<div class=\"elementor-column elementor-col-50 elementor-top-column elementor-element elementor-element-90165eb\" data-id=\"90165eb\" data-element_type=\"column\">\n\t\t\t<div class=\"elementor-widget-wrap elementor-element-populated\">\n\t\t\t\t\t\t\t\t<section data-particle_enable=\"false\" data-particle-mobile-disabled=\"false\" class=\"elementor-section elementor-inner-section elementor-element elementor-element-07fcd2b elementor-section-boxed elementor-section-height-default elementor-section-height-default\" data-id=\"07fcd2b\" data-element_type=\"section\">\n\t\t\t\t\t\t<div class=\"elementor-container elementor-column-gap-default\">\n\t\t\t\t\t<div class=\"elementor-column elementor-col-33 elementor-inner-column elementor-element elementor-element-9f18001\" data-id=\"9f18001\" data-element_type=\"column\">\n\t\t\t<div class=\"elementor-widget-wrap elementor-element-populated\">\n\t\t\t\t\t\t\t\t<div class=\"elementor-element elementor-element-6faf61e elementor-widget elementor-widget-heading\" data-id=\"6faf61e\" data-element_type=\"widget\" id=\"planoName\" data-widget_type=\"heading.default\">\n\t\t\t\t<div class=\"elementor-widget-container\">\n\t\t\t<h2 class=\"elementor-heading-title elementor-size-default\">Plano:<br>Degusta\u00e7\u00e3o<\/h2>\t\t<\/div>\n\t\t\t\t<\/div>\n\t\t\t\t\t<\/div>\n\t\t<\/div>\n\t\t\t\t<div class=\"elementor-column elementor-col-33 elementor-inner-column elementor-element elementor-element-ab2be2b\" data-id=\"ab2be2b\" data-element_type=\"column\">\n\t\t\t<div class=\"elementor-widget-wrap elementor-element-populated\">\n\t\t\t\t\t\t\t\t<div class=\"elementor-element elementor-element-5e13953 elementor-view-default elementor-widget elementor-widget-icon\" data-id=\"5e13953\" data-element_type=\"widget\" data-widget_type=\"icon.default\">\n\t\t\t\t<div class=\"elementor-widget-container\">\n\t\t\t\t\t<div class=\"elementor-icon-wrapper\">\n\t\t\t<div class=\"elementor-icon\">\n\t\t\t<i aria-hidden=\"true\" class=\"fas fa-angle-right\"><\/i>\t\t\t<\/div>\n\t\t<\/div>\n\t\t\t\t<\/div>\n\t\t\t\t<\/div>\n\t\t\t\t\t<\/div>\n\t\t<\/div>\n\t\t\t\t<div class=\"elementor-column elementor-col-33 elementor-inner-column elementor-element elementor-element-9604b2c\" data-id=\"9604b2c\" data-element_type=\"column\">\n\t\t\t<div class=\"elementor-widget-wrap elementor-element-populated\">\n\t\t\t\t\t\t\t\t<div class=\"elementor-element elementor-element-41caa91 elementor-widget elementor-widget-heading\" data-id=\"41caa91\" data-element_type=\"widget\" data-widget_type=\"heading.default\">\n\t\t\t\t<div class=\"elementor-widget-container\">\n\t\t\t<h2 class=\"elementor-heading-title elementor-size-default\">Como prefere<br>continuar ?<\/h2>\t\t<\/div>\n\t\t\t\t<\/div>\n\t\t\t\t\t<\/div>\n\t\t<\/div>\n\t\t\t\t\t\t\t<\/div>\n\t\t<\/section>\n\t\t\t\t\t<\/div>\n\t\t<\/div>\n\t\t\t\t\t\t\t<\/div>\n\t\t<\/section>\n\t\t\t\t<section data-particle_enable=\"false\" data-particle-mobile-disabled=\"false\" class=\"elementor-section elementor-top-section elementor-element elementor-element-832c71d elementor-section-height-full elementor-section-boxed elementor-section-height-default elementor-section-items-middle\" data-id=\"832c71d\" data-element_type=\"section\">\n\t\t\t\t\t\t<div class=\"elementor-container elementor-column-gap-default\">\n\t\t\t\t\t<div class=\"elementor-column elementor-col-100 elementor-top-column elementor-element elementor-element-888be23\" data-id=\"888be23\" data-element_type=\"column\">\n\t\t\t<div class=\"elementor-widget-wrap elementor-element-populated\">\n\t\t\t\t\t\t\t\t<div class=\"elementor-element elementor-element-0b1afc0 elementor-widget elementor-widget-heading\" data-id=\"0b1afc0\" data-element_type=\"widget\" data-widget_type=\"heading.default\">\n\t\t\t\t<div class=\"elementor-widget-container\">\n\t\t\t<h2 class=\"elementor-heading-title elementor-size-default\">Agora escolha<br>\ncomo <strong>prefere continuar:<\/strong><\/h2>\t\t<\/div>\n\t\t\t\t<\/div>\n\t\t\t\t<section data-particle_enable=\"false\" data-particle-mobile-disabled=\"false\" class=\"elementor-section elementor-inner-section elementor-element elementor-element-8d79754 elementor-section-boxed elementor-section-height-default elementor-section-height-default\" data-id=\"8d79754\" data-element_type=\"section\">\n\t\t\t\t\t\t<div class=\"elementor-container elementor-column-gap-default\">\n\t\t\t\t\t<div class=\"elementor-column elementor-col-50 elementor-inner-column elementor-element elementor-element-d0b1d44\" data-id=\"d0b1d44\" data-element_type=\"column\" data-settings=\"{&quot;background_background&quot;:&quot;classic&quot;}\">\n\t\t\t<div class=\"elementor-widget-wrap elementor-element-populated\">\n\t\t\t\t\t\t\t\t<div class=\"elementor-element elementor-element-fc3f50e elementor-widget elementor-widget-heading\" data-id=\"fc3f50e\" data-element_type=\"widget\" data-widget_type=\"heading.default\">\n\t\t\t\t<div class=\"elementor-widget-container\">\n\t\t\t<h2 class=\"elementor-heading-title elementor-size-default\">mais r\u00e1pido<\/h2>\t\t<\/div>\n\t\t\t\t<\/div>\n\t\t\t\t<div class=\"elementor-element elementor-element-440a4f0 elementor-widget elementor-widget-heading\" data-id=\"440a4f0\" data-element_type=\"widget\" data-widget_type=\"heading.default\">\n\t\t\t\t<div class=\"elementor-widget-container\">\n\t\t\t<h2 class=\"elementor-heading-title elementor-size-default\">Briefing Online<\/h2>\t\t<\/div>\n\t\t\t\t<\/div>\n\t\t\t\t<div class=\"elementor-element elementor-element-3e128c8 link elementor-widget elementor-widget-button\" data-id=\"3e128c8\" data-element_type=\"widget\" id=\"BTLink\" data-widget_type=\"button.default\">\n\t\t\t\t<div class=\"elementor-widget-container\">\n\t\t\t\t\t<div class=\"elementor-button-wrapper\">\n\t\t\t<a href=\"\/index.php\/briefing-continuacao\/\" class=\"elementor-button-link elementor-button elementor-size-sm\" role=\"button\">\n\t\t\t\t\t\t<span class=\"elementor-button-content-wrapper\">\n\t\t\t\t\t\t<span class=\"elementor-button-text\"><\/span>\n\t\t<\/span>\n\t\t\t\t\t<\/a>\n\t\t<\/div>\n\t\t\t\t<\/div>\n\t\t\t\t<\/div>\n\t\t\t\t\t<\/div>\n\t\t<\/div>\n\t\t\t\t<div class=\"elementor-column elementor-col-50 elementor-inner-column elementor-element elementor-element-7449645\" data-id=\"7449645\" data-element_type=\"column\" data-settings=\"{&quot;background_background&quot;:&quot;classic&quot;}\">\n\t\t\t<div class=\"elementor-widget-wrap elementor-element-populated\">\n\t\t\t\t\t\t\t\t<div class=\"elementor-element elementor-element-6d2257a elementor-widget elementor-widget-heading\" data-id=\"6d2257a\" data-element_type=\"widget\" data-widget_type=\"heading.default\">\n\t\t\t\t<div class=\"elementor-widget-container\">\n\t\t\t<h2 class=\"elementor-heading-title elementor-size-default\">Se ainda estiver com d\u00favidas<\/h2>\t\t<\/div>\n\t\t\t\t<\/div>\n\t\t\t\t<div class=\"elementor-element elementor-element-0a87f3d elementor-widget elementor-widget-heading\" data-id=\"0a87f3d\" data-element_type=\"widget\" data-widget_type=\"heading.default\">\n\t\t\t\t<div class=\"elementor-widget-container\">\n\t\t\t<h2 class=\"elementor-heading-title elementor-size-default\">Pelo WhatsApp<\/h2>\t\t<\/div>\n\t\t\t\t<\/div>\n\t\t\t\t<div class=\"elementor-element elementor-element-f4c5d15 link elementor-widget elementor-widget-button\" data-id=\"f4c5d15\" data-element_type=\"widget\" id=\"BTWhats\" data-widget_type=\"button.default\">\n\t\t\t\t<div class=\"elementor-widget-container\">\n\t\t\t\t\t<div class=\"elementor-button-wrapper\">\n\t\t\t<a class=\"elementor-button elementor-size-sm\" role=\"button\">\n\t\t\t\t\t\t<span class=\"elementor-button-content-wrapper\">\n\t\t\t\t\t\t<span class=\"elementor-button-text\"><\/span>\n\t\t<\/span>\n\t\t\t\t\t<\/a>\n\t\t<\/div>\n\t\t\t\t<\/div>\n\t\t\t\t<\/div>\n\t\t\t\t\t<\/div>\n\t\t<\/div>\n\t\t\t\t\t\t\t<\/div>\n\t\t<\/section>\n\t\t\t\t<div class=\"elementor-element elementor-element-cbaf1bc elementor-widget elementor-widget-html\" data-id=\"cbaf1bc\" data-element_type=\"widget\" data-widget_type=\"html.default\">\n\t\t\t\t<div class=\"elementor-widget-container\">\n\t\t\t<script>\n    var getUrlParameter = function getUrlParameter(sParam) {\n    var sPageURL = window.location.search.substring(1),\n        sURLVariables = sPageURL.split('&'),\n        sParameterName,\n        i;\n\n    for (i = 0; i < sURLVariables.length; i++) {\n        sParameterName = sURLVariables[i].split('=');\n\n        if (sParameterName[0] === sParam) {\n            return sParameterName[1] === undefined ? true : decodeURIComponent(sParameterName[1]);\n        }\n    }\n    return false;\n};\n\n    jQuery(document).ready(function( $ ){\n       var plano = getUrlParameter('plano'); \n     \n       \n       if(plano == \"degustacao\"){\n           $(\"#BTWhats a\").attr(\"href\",\"https:\/\/wa.me\/551150398363?text=Ol%C3%A1%2C+quero+o+plano+aquecimento+pode+me+ajudar?\").attr(\"target\",\"_blank\");\n       } else{\n           $(\"#BTWhats a\").attr(\"href\",\"https:\/\/wa.me\/551150398363?text=Ol%C3%A1%2C+quero+o+plano+\"+plano+\"+pode+me+ajudar?\").attr(\"target\",\"_blank\");\n       }\n       \n       if(plano == \"degustacao\"){\n           $(\"#planoName h2\").html(\"Plano:<br>Aquecimento\");\n           $(\"#BTLink .elementor-button-link\").attr(\"href\",\"\/index.php\/briefing-continuacao\/?plano=degustacao\");\n           \n       } else if(plano == \"p\"){\n           $(\"#planoName h2\").html(\"Plano: P\");\n           $(\"#BTLink .elementor-button-link\").attr(\"href\",\"\/index.php\/briefing-continuacao\/?plano=p\");\n       } else if(plano == \"m\"){\n           $(\"#planoName h2\").html(\"Plano: M\");\n           $(\"#BTLink .elementor-button-link\").attr(\"href\",\"\/index.php\/briefing-continuacao\/?plano=m\");\n       } else if(plano == \"g\"){\n           $(\"#planoName h2\").html(\"Plano: G\");\n           $(\"#BTLink .elementor-button-link\").attr(\"href\",\"\/index.php\/briefing-continuacao\/?plano=g\");\n       } else if(plano == \"gg\"){\n           $(\"#planoName h2\").html(\"Plano: GG\");\n           $(\"#BTLink .elementor-button-link\").attr(\"href\",\"\/index.php\/briefing-continuacao\/?plano=gg\");\n       } else if(plano == \"perso\"){\n           $(\"#planoName h2\").html(\"Plano:<br>Personalizado\");\n           $(\"#BTLink .elementor-button-link\").attr(\"href\",\"\/index.php\/briefing-continuacao\/?plano=perso\");\n       } else {\n          \/\/alert(\"Escolha um plano!\");\n          \/\/window.location.href = \"https:\/\/clube.resenha.digital\/#planosID\";\n       }\n    });\n    \n    \n<\/script>\t\t<\/div>\n\t\t\t\t<\/div>\n\t\t\t\t\t<\/div>\n\t\t<\/div>\n\t\t\t\t\t\t\t<\/div>\n\t\t<\/section>\n\t\t\t\t\t\t<\/div>\n\t\t\t\t\t<\/div>\n\t\t","protected":false},"excerpt":{"rendered":"<p>Plano:Degusta\u00e7\u00e3o Como preferecontinuar ? Agora escolha como prefere continuar: mais r\u00e1pido Briefing Online Se ainda estiver com d\u00favidas Pelo WhatsApp<\/p>\n","protected":false},"author":1,"featured_media":0,"parent":0,"menu_order":0,"comment_status":"closed","ping_status":"closed","template":"elementor_header_footer","meta":[],"_links":{"self":[{"href":"https:\/\/clube.resenha.digital\/index.php\/wp-json\/wp\/v2\/pages\/158"}],"collection":[{"href":"https:\/\/clube.resenha.digital\/index.php\/wp-json\/wp\/v2\/pages"}],"about":[{"href":"https:\/\/clube.resenha.digital\/index.php\/wp-json\/wp\/v2\/types\/page"}],"author":[{"embeddable":true,"href":"https:\/\/clube.resenha.digital\/index.php\/wp-json\/wp\/v2\/users\/1"}],"replies":[{"embeddable":true,"href":"https:\/\/clube.resenha.digital\/index.php\/wp-json\/wp\/v2\/comments?post=158"}],"version-history":[{"count":163,"href":"https:\/\/clube.resenha.digital\/index.php\/wp-json\/wp\/v2\/pages\/158\/revisions"}],"predecessor-version":[{"id":1018,"href":"https:\/\/clube.resenha.digital\/index.php\/wp-json\/wp\/v2\/pages\/158\/revisions\/1018"}],"wp:attachment":[{"href":"https:\/\/clube.resenha.digital\/index.php\/wp-json\/wp\/v2\/media?parent=158"}],"curies":[{"name":"wp","href":"https:\/\/api.w.org\/{rel}","templated":true}]}}